{"id":7,"date":"2014-05-12T11:02:49","date_gmt":"2014-05-12T09:02:49","guid":{"rendered":"http:\/\/www.agoahaginklinikea.com\/?page_id=7"},"modified":"2021-03-25T11:52:29","modified_gmt":"2021-03-25T10:52:29","slug":"contacto","status":"publish","type":"page","link":"https:\/\/agoa.eus\/es\/contacto\/","title":{"rendered":"Contacto"},"content":{"rendered":"<p style=\"text-align: center;\">Si quieres ponerte en contacto con nosotros puedes hacerlo a trav\u00e9s del siguiente formulario \u00f3<br \/>\nllam\u00e1ndonos al 94 631 50 39<\/p>\n<p style=\"text-align: center;\">Puedes encontrarnos en Bide barri 1, behea 48140 IGORRE (Bizkaia)<\/p>\n<p style=\"text-align: center;\"><strong>Bide barri 1, behea 48140 IGORRE (Bizkaia)<\/strong><\/p>\n<p style=\"text-align: center;\"><style type='text\/css'>\n\t\t#content-boxes-1 article.col{background-color:#ffffff !important;}\n\t\t#content-boxes-1 .fontawesome-icon.circle-yes{color:#ffffff !important;background-color:#333333 !important;border-color: #333333 !important;}\n\t\t#content-boxes-1 a:hover .fontawesome-icon.circle-yes{background-color: #ffa300 !important;border-color:#ffa300 !important;}\n\t\t<\/style><section class=\"clearfix columns content-boxes content-boxes-icon-with-title columns-2\" id=\"content-boxes-1\"> <article class=\"col\"><div class=\"heading\"><h2>Formulario<\/h2><\/div><div class=\"col-content-container \"><div role=\"form\" class=\"wpcf7\" id=\"wpcf7-f91-o1\" lang=\"es-ES\" dir=\"ltr\">\n<div class=\"screen-reader-response\"><\/div>\n<form action=\"\/es\/wp-json\/wp\/v2\/pages\/7#wpcf7-f91-o1\" method=\"post\" class=\"wpcf7-form\" novalidate=\"novalidate\">\n<div style=\"display: none;\">\n<input type=\"hidden\" name=\"_wpcf7\" value=\"91\" \/>\n<input type=\"hidden\" name=\"_wpcf7_version\" value=\"4.7\" \/>\n<input type=\"hidden\" name=\"_wpcf7_locale\" value=\"es_ES\" \/>\n<input type=\"hidden\" name=\"_wpcf7_unit_tag\" value=\"wpcf7-f91-o1\" \/>\n<input type=\"hidden\" name=\"_wpnonce\" value=\"5acc7e99b5\" \/>\n<\/div>\n<p>Su nombre (requerido)<br \/>\n    <span class=\"wpcf7-form-control-wrap your-name\"><input type=\"text\" name=\"your-name\" value=\"\" size=\"40\" class=\"wpcf7-form-control wpcf7-text wpcf7-validates-as-required\" aria-required=\"true\" aria-invalid=\"false\" \/><\/span> <\/p>\n<p>Su e-mail (requerido)<br \/>\n    <span class=\"wpcf7-form-control-wrap your-email\"><input type=\"email\" name=\"your-email\" value=\"\" size=\"40\" class=\"wpcf7-form-control wpcf7-text wpcf7-email wpcf7-validates-as-required wpcf7-validates-as-email\" aria-required=\"true\" aria-invalid=\"false\" \/><\/span> <\/p>\n<p>Asunto<br \/>\n    <span class=\"wpcf7-form-control-wrap your-subject\"><input type=\"text\" name=\"your-subject\" value=\"\" size=\"40\" class=\"wpcf7-form-control wpcf7-text\" aria-invalid=\"false\" \/><\/span> <\/p>\n<p>Su mensaje<br \/>\n    <span class=\"wpcf7-form-control-wrap your-message\"><textarea name=\"your-message\" cols=\"40\" rows=\"10\" class=\"wpcf7-form-control wpcf7-textarea\" aria-invalid=\"false\"><\/textarea><\/span> <\/p>\n<p>Le informamos conforme a lo previsto en el RGPD de 27 de abril de 2016 y la Ley Org\u00e1nica 3\/2018 del 5 de diciembre de 2018 que Marina Urigoitia Aldekoa (Agoa Hagin Klinikea) recaba y trata sus datos de car\u00e1cter personal, con la finalidad del mantenimiento y gesti\u00f3n de la relaci\u00f3n con el Usuario, as\u00ed como las labores de informaci\u00f3n. Usted da su consentimiento y autorizaci\u00f3n para dicho tratamiento. Conservaremos sus datos de car\u00e1cter personal \u00fanicamente el tiempo imprescindible para gestionar nuestra relaci\u00f3n. Podr\u00e1 ejercitar los derechos de acceso, rectificaci\u00f3n, supresi\u00f3n, limitaci\u00f3n, portabilidad y oposici\u00f3n dirigi\u00e9ndose a Bidebarri 1 bajo, Igorre, 48140, Bizkaia<\/p>\n<p><span class=\"wpcf7-form-control-wrap checkbox-604\"><span class=\"wpcf7-form-control wpcf7-checkbox wpcf7-validates-as-required\"><span class=\"wpcf7-list-item first last\"><input type=\"checkbox\" name=\"checkbox-604[]\" value=\"He le\u00eddo y acepto la\" \/><span class=\"wpcf7-list-item-label\">He le\u00eddo y acepto la<\/span><\/span><\/span><\/span>  <a href=\"https:\/\/agoa.eus\/es\/politica-de-privacidad\/\"> pol\u00edtica de privacidad<\/a> <\/p>\n<div class=\"g-recaptcha\" data-sitekey=\"6Le1jiMUAAAAAGwx47C-fYjPRkmaG6jXiuHuEGSa\"><\/div>\n<p><input type=\"submit\" value=\"Enviar\" class=\"wpcf7-form-control wpcf7-submit\" \/><\/p>\n<div class=\"wpcf7-response-output wpcf7-display-none\"><\/div><\/form><\/div><\/div><\/article> <article class=\"col\"><div class=\"heading\"><h2>D\u00f3nde estamos<\/h2><\/div><div class=\"col-content-container \"><div id=\"map-259-69e1d10cd16e5\" class=\"wk-map wk-map-default\" style=\"height: 400px; width:400px;\" data-widgetkit=\"googlemaps\" data-options='{\"title\":\"mapa\",\"lat\":\"43.162448060981944\",\"lng\":\"-2.776336885427895\",\"icon\":\"red-dot\",\"popup\":1,\"text\":\"\",\"mainIcon\":\"red-dot\",\"style\":\"default\",\"width\":400,\"height\":400,\"mapTypeId\":\"roadmap\",\"zoom\":15,\"mapCtrl\":1,\"typeCtrl\":0,\"directions\":0,\"unitSystem\":0,\"clusterMarker\":0,\"styler_invert_lightness\":0,\"zoomWhl\":1,\"styler_hue\":\"\",\"styler_saturation\":0,\"styler_lightness\":0,\"styler_gamma\":0,\"adresses\":[]}'><\/div><\/div><\/article> <\/section>\n","protected":false},"excerpt":{"rendered":"<p>Si quieres ponerte en contacto con nosotros puedes hacerlo a trav\u00e9s del siguiente formulario \u00f3 llam\u00e1ndonos al 94 631 50 39 Puedes encontrarnos en Bide barri 1, behea 48140 IGORRE (Bizkaia) Bide barri 1, behea 48140 IGORRE (Bizkaia)<\/p>\n","protected":false},"author":1,"featured_media":0,"parent":0,"menu_order":0,"comment_status":"open","ping_status":"open","template":"full-width.php","meta":{"footnotes":""},"class_list":["post-7","page","type-page","status-publish","hentry"],"_links":{"self":[{"href":"https:\/\/agoa.eus\/es\/wp-json\/wp\/v2\/pages\/7","targetHints":{"allow":["GET"]}}],"collection":[{"href":"https:\/\/agoa.eus\/es\/wp-json\/wp\/v2\/pages"}],"about":[{"href":"https:\/\/agoa.eus\/es\/wp-json\/wp\/v2\/types\/page"}],"author":[{"embeddable":true,"href":"https:\/\/agoa.eus\/es\/wp-json\/wp\/v2\/users\/1"}],"replies":[{"embeddable":true,"href":"https:\/\/agoa.eus\/es\/wp-json\/wp\/v2\/comments?post=7"}],"version-history":[{"count":6,"href":"https:\/\/agoa.eus\/es\/wp-json\/wp\/v2\/pages\/7\/revisions"}],"predecessor-version":[{"id":270,"href":"https:\/\/agoa.eus\/es\/wp-json\/wp\/v2\/pages\/7\/revisions\/270"}],"wp:attachment":[{"href":"https:\/\/agoa.eus\/es\/wp-json\/wp\/v2\/media?parent=7"}],"curies":[{"name":"wp","href":"https:\/\/api.w.org\/{rel}","templated":true}]}}