{"id":356,"date":"2021-03-25T11:21:57","date_gmt":"2021-03-25T10:21:57","guid":{"rendered":"https:\/\/agoa.eus\/?page_id=356\/"},"modified":"2023-04-13T12:27:10","modified_gmt":"2023-04-13T10:27:10","slug":"politica-de-privacidad-2","status":"publish","type":"page","link":"https:\/\/agoa.eus\/es\/politica-de-privacidad-2\/","title":{"rendered":"Pol\u00edtica de Privacidad"},"content":{"rendered":"<h1>POL\u00cdTICA DE PRIVACIDAD<\/h1>\n<p>La presente Pol\u00edtica de Privacidad regula el uso del servicio del portal de Internet con <a href=\"https:\/\/agoa.eus\/\">https:\/\/agoa.eus\/<\/a> cuyo responsable a efectos identificativos es:<\/p>\n<ul>\n<li>Responsable: Marina Urigoitia Aldekoa<\/li>\n<li>NIF: 30686977D<\/li>\n<li>Direcci\u00f3n: Bidebarri, 1 bajo, Igorre, 48140, Bizkaia.<\/li>\n<li>Tel\u00e9fono: (+34) 946 315 039<\/li>\n<li>Mail: <a href=\"mailto:info@agoa.eus\">info@agoa.eus<\/a><\/li>\n<\/ul>\n<p>&nbsp;<\/p>\n<h2><strong>Finalidad, \u00bfPara qu\u00e9 tratamos sus datos?<\/strong><\/h2>\n<p>A efecto de lo previsto en RGPD de 27 de abril de 2016, y la LO 3\/2018, trataremos los datos que recojamos para las siguientes finalidades:<\/p>\n<ul>\n<li>Contactar con usted en caso de que as\u00ed nos lo pida.<\/li>\n<li>Gestionar su navegaci\u00f3n en la web, en su caso.<\/li>\n<\/ul>\n<p>La cumplimentaci\u00f3n del formulario de registro ser\u00e1 obligatoria para acceder y disfrutar de determinados servicios ofrecidos en la web. El no facilitar los datos personales solicitados o el no aceptar la presente pol\u00edtica de privacidad de datos supone la imposibilidad de registrarse, suscribirse o participar en cualquiera de las promociones en las que se soliciten datos car\u00e1cter personal.<\/p>\n<p>&nbsp;<\/p>\n<h2><strong>Legitimaci\u00f3n, \u00bfCu\u00e1l es la legitimaci\u00f3n para el tratamiento de sus datos?<\/strong><\/h2>\n<p>La base legal para el tratamiento de sus datos se basar\u00e1 en:<\/p>\n<ul>\n<li>El consentimiento del interesado, para el tratamiento de sus datos, conforme el art\u00edculo 6. 1. a) del Reglamento General Europeo de Protecci\u00f3n de Datos. En dicho caso el tratamiento se llevar\u00e1 a cabo para respuesta al usuario que contacte con Marina Urigoitia Aldekoa v\u00eda sistemas de mensajer\u00eda instant\u00e1nea, as\u00ed como a trav\u00e9s de los formularios de la p\u00e1gina web Marina Urigoitia Aldekoa habilitado el usuario la casilla <em><u>\u201cHe le\u00eddo y acepto la pol\u00edtica de privacidad\u201d.<\/u><\/em><\/li>\n<li>La necesaria ejecuci\u00f3n de un contrato en el que el interesado es parte o para la aplicaci\u00f3n a petici\u00f3n de este de medidas precontractuales, conforme el art\u00edculo 6. 1. b) del Reglamento General Europeo de Protecci\u00f3n de Datos.<\/li>\n<\/ul>\n<p>&nbsp;<\/p>\n<h2><strong>Destinatarios \u00bfA qui\u00e9n comunicamos tus datos?<\/strong><\/h2>\n<p>Los datos personales no ser\u00e1n objeto de cesi\u00f3n salvo en el cumplimiento de obligaciones legalmente establecidas o para dar soporte a los servicios vinculados a este tratamiento.<\/p>\n<p>&nbsp;<\/p>\n<h2><strong>Conservaci\u00f3n, \u00bfDurante cu\u00e1nto tiempo conservamos tus datos?<\/strong><\/h2>\n<p>Conservaremos sus datos de car\u00e1cter personal durante al menos 5 a\u00f1os en caso de que sea cliente y para el estricto cumplimiento de las obligaciones legales establecidas en la normativa.<\/p>\n<p>En caso de no ser cliente conservaremos sus datos el m\u00ednimo tiempo indispensable para gestionar nuestra relaci\u00f3n.<\/p>\n<p>&nbsp;<\/p>\n<h2><strong>Derechos, \u00bfCu\u00e1les son tus derechos cuando nos facilitas tus datos?<\/strong><\/h2>\n<p>Como consecuencia del tratamiento de sus datos personales por parte de Marina Urigoitia Aldekoa la legislaci\u00f3n vigente le otorga una serie de derechos. A continuaci\u00f3n, le ofrecemos una explicaci\u00f3n resumida de cada derecho, para facilitarle su ejercicio:<\/p>\n<ul>\n<li><strong>Derecho de acceso:<\/strong> tendr\u00e1 derecho a conocer los datos personales que tratamos sobre Ud. y las finalidades con las que los tratamos.<\/li>\n<li><strong>Derecho de rectificaci\u00f3n:<\/strong> Sus datos siempre ser\u00e1n suyos, y como tal, puede solicitarnos la rectificaci\u00f3n de los mismos en cualquier momento si los que constaran en nuestros registros fueran err\u00f3neos.<\/li>\n<li><strong>Derecho de supresi\u00f3n:<\/strong> Podr\u00e1 solicitar, en cualquier momento, que sus datos personales sean suprimidos de nuestros ficheros. Sin embargo, y tal y como indicamos en el apartado de conservaci\u00f3n de datos anterior, tenga en cuenta que, en determinadas circunstancias el cumplimiento de la legislaci\u00f3n vigente puede impedir el efectivo ejercicio de este derecho.<\/li>\n<li><strong>Derecho de oposici\u00f3n:<\/strong> podr\u00e1 oponerse al tratamiento de sus datos en relaci\u00f3n con cualesquiera de las finalidades con las que tratemos sus datos, de acuerdo con las pol\u00edticas de privacidad aplicables en cada caso.<\/li>\n<li><strong>Derecho de limitaci\u00f3n del tratamiento:<\/strong> podr\u00e1 solicitar la limitaci\u00f3n del tratamiento en los siguientes casos:\n<ul>\n<li>Si considera que los datos que mantenemos acerca de Ud. no son correctos o exactos;<\/li>\n<li>Si, en caso de que Ud. considere que no estamos tratando sus datos de forma leg\u00edtima, pero prefiere que limitemos el tratamiento de los mismos a su eliminaci\u00f3n;<\/li>\n<li>Si los datos que mantenemos ya no nos son necesarios conforme a la finalidad para los que los recabamos, pero necesita que los conservemos para interponer reclamaciones legales;<\/li>\n<li>Si, habiendo ejercido el derecho de oposici\u00f3n a alg\u00fan tratamiento, est\u00e1 pendiente de respuesta al respecto por nuestra parte.<\/li>\n<\/ul>\n<\/li>\n<li><strong>Derecho a la portabilidad de sus datos:<\/strong> tendr\u00e1 derecho a, siempre que sea posible t\u00e9cnicamente y sea razonable, solicitar que los datos personales que Ud. nos haya proporcionado directamente sean comunicados a otro responsable del tratamiento. Si nos es posible, facilitaremos directamente sus datos a dicho otro responsable del tratamiento, pero si no lo fuera, se los facilitaremos a Ud. en un formato est\u00e1ndar.<\/li>\n<\/ul>\n<p>Siempre que tratemos sus datos en base al consentimiento, podr\u00e1 revocarlo en cualquier momento, sin que tenga consecuencias para Ud. m\u00e1s all\u00e1 de, seg\u00fan el derecho ejercido, no poder prestarle determinados servicios.<\/p>\n<p>El ejercicio de los derechos que ostenta podr\u00e1 hacerlo efectivo dirigi\u00e9ndose Marina Urigoitia Aldekoa a trav\u00e9s de alguno de los siguientes medios:<\/p>\n<ol>\n<li>Mediante correo electr\u00f3nico dirigido a: <a href=\"mailto:info@agoa.eus\">info@agoa.eus<\/a><\/li>\n<li>Correo postal dirigido al correspondiente Responsable del Tratamiento. electr\u00f3nico (contemplado en el encabezamiento del documento).<\/li>\n<\/ol>\n<p>En caso de que no quiera ejercer un derecho en concreto, pero tenga la necesidad de realizar una consulta o sugerencia en relaci\u00f3n con el tratamiento de sus datos de car\u00e1cter personal tambi\u00e9n podr\u00e1 dirigirse al Responsable del Tratamiento correspondiente, (contemplado en el encabezamiento del documento).<\/p>\n<p>Tenga en cuenta que siempre, en todo caso, podr\u00e1 presentar una reclamaci\u00f3n ante la Autoridad Competente en materia de protecci\u00f3n de datos si considera que no hemos tratado sus datos de forma l\u00edcita o que no hemos atendido sus solicitudes o derechos.<\/p>\n<p>En Espa\u00f1a, dicha Autoridad Competente es la Agencia Espa\u00f1ola de Protecci\u00f3n de Datos.<\/p>\n<p>&nbsp;<\/p>\n<h2><strong>Consentimientos menores, \u00bfQu\u00e9 pasa si eres menor de edad?<\/strong><\/h2>\n<p>En el supuesto que algunos de nuestros servicios vayan dirigidos espec\u00edficamente a menores de catorce a\u00f1os, solicitaremos la conformidad de los padres o tutores para la recogida de los datos personales o, en su caso, para el tratamiento automatizado de los datos conforme el art\u00edculo 7 de la LOPDGDD.<\/p>\n<p><strong>\u00a0<\/strong><\/p>\n<h2><strong>Exactitud, veracidad y seguridad de los datos, \u00bfC\u00f3mo tratamos tus datos?<\/strong><\/h2>\n<p>El Usuario es el \u00fanico responsable de la veracidad y correcci\u00f3n de los datos incluidos, exoner\u00e1ndonos de cualquier responsabilidad al respecto. Los usuarios garantizan y responden, en cualquier caso, de la exactitud, vigencia y autenticidad de los datos personales facilitados, y se comprometen a mantenerlos debidamente actualizados. El usuario acepta proporcionar informaci\u00f3n completa y correcta en los formularios de registro o suscripci\u00f3n. No responderemos de la veracidad de las informaciones que no sean de elaboraci\u00f3n propia y de las que se indique otra fuente, por lo que tampoco asume responsabilidad alguna en cuanto a hipot\u00e9ticos perjuicios que pudieran originarse por el uso de dicha informaci\u00f3n.<\/p>\n<p>Tambi\u00e9n reservaremos el derecho a actualizar, modificar o eliminar la informaci\u00f3n contenida en la web pudiendo incluso limitar o no permitir el acceso a dicha informaci\u00f3n.<\/p>\n<p>No seremos responsables ante cualquier da\u00f1o o perjuicio que pudiera sufrir el Usuario como consecuencia de errores, defectos u omisiones, en la informaci\u00f3n facilitada por el responsable siempre que proceda de fuentes ajenas.<\/p>\n<p>Los datos ser\u00e1n tratados de forma confidencial y bajo el sometimiento a medidas t\u00e9cnicas y organizativas de seguridad adecuadas para evitar su alteraci\u00f3n, p\u00e9rdida, tratamiento o acceso no autorizado.<\/p>\n<p>Podr\u00e1 presentar una reclamaci\u00f3n ante la Agencia Espa\u00f1ola de Protecci\u00f3n de Datos, especialmente cuando no haya obtenido satisfacci\u00f3n en el ejercicio de sus derechos, en la direcci\u00f3n postal y\/o electr\u00f3nica indicada<\/p>\n<p>&nbsp;<\/p>\n","protected":false},"excerpt":{"rendered":"<p>POL\u00cdTICA DE PRIVACIDAD La presente Pol\u00edtica de Privacidad regula el uso del servicio del portal de Internet con https:\/\/agoa.eus\/ cuyo responsable a efectos identificativos es: Responsable: Marina Urigoitia Aldekoa NIF: 30686977D Direcci\u00f3n: Bidebarri, 1 bajo, Igorre, 48140, Bizkaia. Tel\u00e9fono: (+34) 946 315 039 Mail: info@agoa.eus &nbsp; Finalidad, \u00bfPara qu\u00e9 tratamos sus datos? A efecto de lo previsto en RGPD de 27 de abril de 2016, y la LO 3\/2018, trataremos los datos que recojamos para las siguientes finalidades: Contactar con usted en caso de que as\u00ed nos lo pida. Gestionar su navegaci\u00f3n en la web, en su caso. La cumplimentaci\u00f3n del formulario de registro ser\u00e1 obligatoria para acceder y disfrutar de determinados servicios ofrecidos en la web. El no facilitar los datos personales solicitados o el no aceptar la presente pol\u00edtica de privacidad de datos supone la imposibilidad de registrarse, suscribirse o participar en cualquiera de las promociones en las que se soliciten datos car\u00e1cter personal. &nbsp; Legitimaci\u00f3n, \u00bfCu\u00e1l es la legitimaci\u00f3n para el tratamiento de sus datos? La base legal para el tratamiento de sus datos se basar\u00e1 en: El consentimiento del interesado, para el tratamiento de sus datos, conforme el art\u00edculo 6. 1. a) del Reglamento General Europeo de Protecci\u00f3n de Datos. En dicho caso el tratamiento se llevar\u00e1 a cabo para respuesta al usuario que contacte con Marina Urigoitia Aldekoa v\u00eda sistemas de mensajer\u00eda instant\u00e1nea, as\u00ed como a trav\u00e9s de los formularios de la p\u00e1gina web Marina Urigoitia Aldekoa habilitado el usuario la casilla \u201cHe le\u00eddo y acepto la pol\u00edtica de privacidad\u201d. La necesaria ejecuci\u00f3n de un contrato en el que el interesado es parte o para la aplicaci\u00f3n a petici\u00f3n de este de medidas precontractuales, conforme el art\u00edculo 6. 1. b) [&hellip;]<\/p>\n","protected":false},"author":3,"featured_media":0,"parent":0,"menu_order":0,"comment_status":"closed","ping_status":"closed","template":"","meta":{"footnotes":""},"class_list":["post-356","page","type-page","status-publish","hentry"],"_links":{"self":[{"href":"https:\/\/agoa.eus\/es\/wp-json\/wp\/v2\/pages\/356","targetHints":{"allow":["GET"]}}],"collection":[{"href":"https:\/\/agoa.eus\/es\/wp-json\/wp\/v2\/pages"}],"about":[{"href":"https:\/\/agoa.eus\/es\/wp-json\/wp\/v2\/types\/page"}],"author":[{"embeddable":true,"href":"https:\/\/agoa.eus\/es\/wp-json\/wp\/v2\/users\/3"}],"replies":[{"embeddable":true,"href":"https:\/\/agoa.eus\/es\/wp-json\/wp\/v2\/comments?post=356"}],"version-history":[{"count":4,"href":"https:\/\/agoa.eus\/es\/wp-json\/wp\/v2\/pages\/356\/revisions"}],"predecessor-version":[{"id":368,"href":"https:\/\/agoa.eus\/es\/wp-json\/wp\/v2\/pages\/356\/revisions\/368"}],"wp:attachment":[{"href":"https:\/\/agoa.eus\/es\/wp-json\/wp\/v2\/media?parent=356"}],"curies":[{"name":"wp","href":"https:\/\/api.w.org\/{rel}","templated":true}]}}