{"id":15,"date":"2014-05-12T11:09:54","date_gmt":"2014-05-12T09:09:54","guid":{"rendered":"http:\/\/www.agoahaginklinikea.com\/?page_id=15"},"modified":"2023-04-13T12:23:11","modified_gmt":"2023-04-13T10:23:11","slug":"aviso-legal","status":"publish","type":"page","link":"https:\/\/agoa.eus\/es\/aviso-legal\/","title":{"rendered":"Aviso legal"},"content":{"rendered":"<h1 style=\"text-align: left;\">Aviso legal<\/h1>\n<p>El presente Aviso Legal regula el uso del servicio del portal de Internet con <a href=\"https:\/\/agoa.eus\/\">https:\/\/agoa.eus\/<\/a> cuyo responsable a efectos identificativos es:<\/p>\n<ul>\n<li>Responsable: Marina Urigoitia Aldekoa<\/li>\n<li>NIF: 30686977D<\/li>\n<li>Direcci\u00f3n: Bidebarri, 1 bajo, Igorre, 48140, Bizkaia.<\/li>\n<li>Tel\u00e9fono: (+34) 946 315 039<\/li>\n<li>Mail: <a href=\"mailto:info@agoa.eus\">info@agoa.eus<\/a><\/li>\n<\/ul>\n<p>&nbsp;<\/p>\n<h2><strong>Legislaci\u00f3n<\/strong><\/h2>\n<p>Con car\u00e1cter general las relaciones entre Marina Urigoitia Aldekoa con los Usuarios de sus servicios telem\u00e1ticos, presentes en la Web, se encuentran sometidas a la legislaci\u00f3n y jurisdicci\u00f3n espa\u00f1olas.<\/p>\n<p>Las partes renuncian expresamente al fuero que les pudiera corresponder y someten expresamente a los Juzgados y Tribunales de Ir\u00fan para resolver cualquier controversia que pueda surgir en la interpretaci\u00f3n o ejecuci\u00f3n de las presentes condiciones contractuales.<\/p>\n<h2>\n<strong>Contenido y uso<\/strong><\/h2>\n<p>El Usuario queda informado, y acepta, que el acceso a la presente web no supone, en modo alguno, el inicio de una relaci\u00f3n comercial con Marina Urigoitia Aldekoa.<\/p>\n<p>El titular del Web no se identifica con las opiniones vertidas en el mismo por sus colaboradores. La Empresa se reserva el derecho de efectuar sin previo aviso las modificaciones que considere oportunas en su Web, pudiendo cambiar, suprimir o a\u00f1adir tanto los contenidos y servicios que se presten a trav\u00e9s de la misma como la forma en la que \u00e9stos aparezcan presentados o localizados en sus servidores.<\/p>\n<h2>\n<strong>Propiedad intelectual e industrial<\/strong><\/h2>\n<p>Este website y los contenidos que alberga se encuentran protegidos por las leyes de Propiedad Intelectual. No podr\u00e1n ser objeto de explotaci\u00f3n, reproducci\u00f3n, distribuci\u00f3n, modificaci\u00f3n, comunicaci\u00f3n p\u00fablica, cesi\u00f3n o transformaci\u00f3n. El acceso a este website no otorga a los usuarios derecho, ni titularidad alguna sobre los derechos de propiedad intelectual de los contenidos que alberga este website.<\/p>\n<p>El contenido de este website puede ser descargado al terminal del usuario (download), siempre que sea para su uso privado y sin ning\u00fan fin comercial; por lo tanto, no podr\u00e1 explotar, reproducir, distribuir, modificar, comunicar p\u00fablicamente, ceder, transformar o usar el contenido de este website con fines p\u00fablicos o comerciales.<\/p>\n<p>El nombre comercial, las marcas, logo, productos y servicios que contiene este website se encuentran protegidos por ley.<\/p>\n<p>Marina Urigoitia Aldekoa se reserva la posibilidad de ejercer las acciones judiciales que correspondan contra los usuarios que violen o infrinjan los derechos de propiedad intelectual.<\/p>\n<p>&nbsp;<\/p>\n<h2><strong>Enlaces (Links)<\/strong><\/h2>\n<p>La presencia de enlaces (links) en las p\u00e1ginas web de Marina Urigoitia Aldekoa tiene finalidad meramente informativa y en ning\u00fan caso supone sugerencia, invitaci\u00f3n o recomendaci\u00f3n sobre los mismos.<\/p>\n","protected":false},"excerpt":{"rendered":"<p>Aviso legal El presente Aviso Legal regula el uso del servicio del portal de Internet con https:\/\/agoa.eus\/ cuyo responsable a efectos identificativos es: Responsable: Marina Urigoitia Aldekoa NIF: 30686977D Direcci\u00f3n: Bidebarri, 1 bajo, Igorre, 48140, Bizkaia. Tel\u00e9fono: (+34) 946 315 039 Mail: info@agoa.eus &nbsp; Legislaci\u00f3n Con car\u00e1cter general las relaciones entre Marina Urigoitia Aldekoa con los Usuarios de sus servicios telem\u00e1ticos, presentes en la Web, se encuentran sometidas a la legislaci\u00f3n y jurisdicci\u00f3n espa\u00f1olas. Las partes renuncian expresamente al fuero que les pudiera corresponder y someten expresamente a los Juzgados y Tribunales de Ir\u00fan para resolver cualquier controversia que pueda surgir en la interpretaci\u00f3n o ejecuci\u00f3n de las presentes condiciones contractuales. Contenido y uso El Usuario queda informado, y acepta, que el acceso a la presente web no supone, en modo alguno, el inicio de una relaci\u00f3n comercial con Marina Urigoitia Aldekoa. El titular del Web no se identifica con las opiniones vertidas en el mismo por sus colaboradores. La Empresa se reserva el derecho de efectuar sin previo aviso las modificaciones que considere oportunas en su Web, pudiendo cambiar, suprimir o a\u00f1adir tanto los contenidos y servicios que se presten a trav\u00e9s de la misma como la forma en la que \u00e9stos aparezcan presentados o localizados en sus servidores. Propiedad intelectual e industrial Este website y los contenidos que alberga se encuentran protegidos por las leyes de Propiedad Intelectual. No podr\u00e1n ser objeto de explotaci\u00f3n, reproducci\u00f3n, distribuci\u00f3n, modificaci\u00f3n, comunicaci\u00f3n p\u00fablica, cesi\u00f3n o transformaci\u00f3n. El acceso a este website no otorga a los usuarios derecho, ni titularidad alguna sobre los derechos de propiedad intelectual de los contenidos que alberga este website. El contenido de este website puede ser descargado al terminal del usuario (download), siempre [&hellip;]<\/p>\n","protected":false},"author":1,"featured_media":0,"parent":0,"menu_order":0,"comment_status":"open","ping_status":"open","template":"","meta":{"footnotes":""},"class_list":["post-15","page","type-page","status-publish","hentry"],"_links":{"self":[{"href":"https:\/\/agoa.eus\/es\/wp-json\/wp\/v2\/pages\/15","targetHints":{"allow":["GET"]}}],"collection":[{"href":"https:\/\/agoa.eus\/es\/wp-json\/wp\/v2\/pages"}],"about":[{"href":"https:\/\/agoa.eus\/es\/wp-json\/wp\/v2\/types\/page"}],"author":[{"embeddable":true,"href":"https:\/\/agoa.eus\/es\/wp-json\/wp\/v2\/users\/1"}],"replies":[{"embeddable":true,"href":"https:\/\/agoa.eus\/es\/wp-json\/wp\/v2\/comments?post=15"}],"version-history":[{"count":7,"href":"https:\/\/agoa.eus\/es\/wp-json\/wp\/v2\/pages\/15\/revisions"}],"predecessor-version":[{"id":367,"href":"https:\/\/agoa.eus\/es\/wp-json\/wp\/v2\/pages\/15\/revisions\/367"}],"wp:attachment":[{"href":"https:\/\/agoa.eus\/es\/wp-json\/wp\/v2\/media?parent=15"}],"curies":[{"name":"wp","href":"https:\/\/api.w.org\/{rel}","templated":true}]}}