{"id":13,"date":"2014-05-12T11:09:16","date_gmt":"2014-05-12T09:09:16","guid":{"rendered":"http:\/\/www.agoahaginklinikea.com\/?page_id=13"},"modified":"2014-05-12T12:42:05","modified_gmt":"2014-05-12T10:42:05","slug":"servicios","status":"publish","type":"page","link":"https:\/\/agoa.eus\/es\/servicios\/","title":{"rendered":"Servicios"},"content":{"rendered":"<h1 style=\"text-align: center;\">Soluci\u00f3n integral de todos los problemas dentales<\/h1>\n<h2 style=\"text-align: center;\">NI\u00d1OS Y ADULTOS<\/h2>\n<p style=\"text-align: center;\">\n<div id=\"slideshow-261-69e1dfdc94a00\" class=\"wk-slideshow wk-slideshow-tabs\" data-widgetkit=\"slideshow\" data-options='{\"style\":\"tabs\",\"autoplay\":0,\"interval\":5000,\"width\":\"auto\",\"height\":\"auto\",\"duration\":500,\"index\":0,\"order\":\"default\",\"navigation\":\"center\",\"animated\":\"fade\"}'>\n\t\n\t<div class=\"nav-container nav-center clearfix\">\n\t\t<ul class=\"nav\">\n\t\t\t\t\t\t\t\t\t<li>\n\t\t\t\t<span>Odontolog\u00eda general<\/span>\n\t\t\t<\/li>\n\t\t\t\t\t\t\t\t\t<li>\n\t\t\t\t<span>Periodoncia<\/span>\n\t\t\t<\/li>\n\t\t\t\t\t\t\t\t\t<li>\n\t\t\t\t<span>Implantes<\/span>\n\t\t\t<\/li>\n\t\t\t\t\t\t\t\t\t<li>\n\t\t\t\t<span>Est\u00e9tica<\/span>\n\t\t\t<\/li>\n\t\t\t\t\t\t\t\t\t<li>\n\t\t\t\t<span>Padi<\/span>\n\t\t\t<\/li>\n\t\t\t\t\t\t\t\t\t<li>\n\t\t\t\t<span>Ortodoncia<\/span>\n\t\t\t<\/li>\n\t\t\t\t\t\t\t\t\t<li>\n\t\t\t\t<span>Radiolog\u00eda digital<\/span>\n\t\t\t<\/li>\n\t\t\t\t\t<\/ul>\n\t<\/div>\n\t\n\t<div class=\"slides-container\"><ul class=\"slides\"><li><article class=\"wk-content clearfix\"><h2><img loading=\"lazy\" decoding=\"async\" style=\"margin-left: 15px; margin-right: 15px;\" src=\"https:\/\/agoa.eus\/wp-content\/uploads\/2014\/05\/odontologia-general-agoa-300x201.jpg\" class=\"alignleft wp-image-238 size-medium\" height=\"201\" width=\"300\" srcset=\"https:\/\/agoa.eus\/wp-content\/uploads\/2014\/05\/odontologia-general-agoa-300x201.jpg 300w, https:\/\/agoa.eus\/wp-content\/uploads\/2014\/05\/odontologia-general-agoa.jpg 341w\" sizes=\"auto, (max-width: 300px) 100vw, 300px\" \/>Odontolog\u00eda general<\/h2>\r\n<p>Empastes<br \/>Extracciones<br \/>Limpiezas<br \/>Endodoncias<br \/>Pr\u00f3tesis fijas y removibles<br \/>F\u00e9rulas de descarga (bruxismo)<br \/>\u2026<\/p><\/article><\/li><li><article class=\"wk-content clearfix\"><h2><img loading=\"lazy\" decoding=\"async\" style=\"margin-left: 15px; margin-right: 15px;\" src=\"https:\/\/agoa.eus\/wp-content\/uploads\/2014\/05\/periodoncia-300x98.jpg\" class=\"alignleft wp-image-241 size-medium\" height=\"98\" width=\"300\" srcset=\"https:\/\/agoa.eus\/wp-content\/uploads\/2014\/05\/periodoncia-300x98.jpg 300w, https:\/\/agoa.eus\/wp-content\/uploads\/2014\/05\/periodoncia.jpg 598w\" sizes=\"auto, (max-width: 300px) 100vw, 300px\" \/>Periodoncia<\/h2>\r\n<p>Cuidamos de las enc\u00edas, los cimientos de los dientes (Raspados, curetajes\u2026)<\/p><\/article><\/li><li><article class=\"wk-content clearfix\"><h2><a href=\"https:\/\/agoa.eus\/wp-content\/uploads\/2014\/05\/implantes-agoa.jpg\"><img loading=\"lazy\" decoding=\"async\" style=\"margin-left: 15px; margin-right: 15px;\" src=\"https:\/\/agoa.eus\/wp-content\/uploads\/2014\/05\/implantes-agoa.jpg\" class=\"alignleft wp-image-237 size-full\" height=\"199\" width=\"257\" srcset=\"https:\/\/agoa.eus\/wp-content\/uploads\/2014\/05\/implantes-agoa.jpg 257w, https:\/\/agoa.eus\/wp-content\/uploads\/2014\/05\/implantes-agoa-180x138.jpg 180w\" sizes=\"auto, (max-width: 257px) 100vw, 257px\" \/><\/a>Implantes<\/h2>\r\n<p>Colocamos los mejores implantes del mercado, Astra tech (<a target=\"_blank\" href=\"www.dentsplyimplants.es\">www.dentsplyimplants.es<\/a>), sustituyendo tanto la ausencia de un diente como de toda la dentadura.<br \/><br \/>Colocamos los implantes mediante cirug\u00eda convencional o mediante cirug\u00eda guiada por ordenador, con sus consiguientes ventajas:<\/p>\r\n<p>&nbsp;<\/p>\r\n<ul>\r\n<li>Cirug\u00eda m\u00ednimamente invasiva (no requiere puntos de sutura) y de gran precisi\u00f3n.<\/li>\r\n<li>Mejor y m\u00e1s r\u00e1pida recuperaci\u00f3n postoperatoria.<\/li>\r\n<li>Posibilidad de colocar dientes provisionales fijos en la misma sesi\u00f3n.<\/li>\r\n<\/ul><\/article><\/li><li><article class=\"wk-content clearfix\"><h2><a href=\"https:\/\/agoa.eus\/wp-content\/uploads\/2014\/05\/estetica-agoa.jpg\"><img loading=\"lazy\" decoding=\"async\" style=\"margin-left: 15px; margin-right: 15px;\" src=\"https:\/\/agoa.eus\/wp-content\/uploads\/2014\/05\/estetica-agoa-300x97.jpg\" class=\"alignleft wp-image-236 size-medium\" height=\"97\" width=\"300\" srcset=\"https:\/\/agoa.eus\/wp-content\/uploads\/2014\/05\/estetica-agoa-300x97.jpg 300w, https:\/\/agoa.eus\/wp-content\/uploads\/2014\/05\/estetica-agoa.jpg 441w\" sizes=\"auto, (max-width: 300px) 100vw, 300px\" \/><\/a>Est\u00e9tica<\/h2>\r\n<p>Mejoramos las sonrisas mediante carillas, ortodoncia, blanqueamientos, pr\u00f3tesis\u2026<\/p><\/article><\/li><li><article class=\"wk-content clearfix\"><h2><a href=\"https:\/\/agoa.eus\/wp-content\/uploads\/2014\/05\/padi-agoa.jpg\"><img loading=\"lazy\" decoding=\"async\" style=\"margin-left: 15px; margin-right: 15px;\" src=\"https:\/\/agoa.eus\/wp-content\/uploads\/2014\/05\/padi-agoa-300x199.jpg\" class=\"alignleft wp-image-240 size-medium\" height=\"199\" width=\"300\" srcset=\"https:\/\/agoa.eus\/wp-content\/uploads\/2014\/05\/padi-agoa-300x199.jpg 300w, https:\/\/agoa.eus\/wp-content\/uploads\/2014\/05\/padi-agoa.jpg 308w\" sizes=\"auto, (max-width: 300px) 100vw, 300px\" \/><\/a>Padi<\/h2>\r\n<p>Contamos con el plan de atenci\u00f3n dental infantil de osakidetza.<\/p><\/article><\/li><li><article class=\"wk-content clearfix\"><h2><a href=\"https:\/\/agoa.eus\/wp-content\/uploads\/2014\/05\/ortodoncia-agoa.jpg\"><img loading=\"lazy\" decoding=\"async\" style=\"margin-left: 15px; margin-right: 15px;\" src=\"https:\/\/agoa.eus\/wp-content\/uploads\/2014\/05\/ortodoncia-agoa-300x99.jpg\" class=\"alignleft wp-image-239 size-medium\" height=\"99\" width=\"300\" srcset=\"https:\/\/agoa.eus\/wp-content\/uploads\/2014\/05\/ortodoncia-agoa-300x99.jpg 300w, https:\/\/agoa.eus\/wp-content\/uploads\/2014\/05\/ortodoncia-agoa.jpg 413w\" sizes=\"auto, (max-width: 300px) 100vw, 300px\" \/><\/a>Ortodoncia<\/h2>\r\n<p>Menores de 13 a\u00f1os: correcci\u00f3n de, oclusi\u00f3n, h\u00e1bitos (lingual, dedo, degluci\u00f3n at\u00edpica\u2026) y problemas \u00f3seos.<br \/>Mayores de 13 a\u00f1os: correcci\u00f3n de la oclusi\u00f3n y est\u00e9tica mediante dos sistemas:<\/p>\r\n<p><strong>ORTODONCIA INVISIBLE<\/strong>: se realiza mediante unas f\u00e9rulas, para peque\u00f1as correcciones est\u00e9ticas de los dientes anteriores. (www.alineadent.com)<br \/><strong>ORTODONCIA CON BRACKETS<\/strong>: Correcciones oclusales y est\u00e9ticas que requieren un mayor movimiento dental. Sistema Damon. ( www.damonbraces.com)<\/p><\/article><\/li><li><article class=\"wk-content clearfix\"><h2><img loading=\"lazy\" decoding=\"async\" src=\"https:\/\/agoa.eus\/wp-content\/uploads\/2015\/12\/IMAGENPOINTNIX800-300x171.png\" alt=\"IMAGENPOINTNIX800\" class=\"alignleft size-medium wp-image-315\" height=\"171\" width=\"300\" srcset=\"https:\/\/agoa.eus\/wp-content\/uploads\/2015\/12\/IMAGENPOINTNIX800-300x171.png 300w, https:\/\/agoa.eus\/wp-content\/uploads\/2015\/12\/IMAGENPOINTNIX800.png 378w\" sizes=\"auto, (max-width: 300px) 100vw, 300px\" \/>Radiolog\u00eda digital<\/h2>\r\nRx perapicales, panor\u00e1micas y tambien 3D(TAC) .Disponemos de el equipo m\u00e1s moderno con el que obtenemos imagenes de alt\u00edsima calidad con la m\u00ednima radiacci\u00f3n<\/article><\/li><\/ul><\/div>\n\t\n<\/div><\/p>\n","protected":false},"excerpt":{"rendered":"<p>Soluci\u00f3n integral de todos los problemas dentales NI\u00d1OS Y ADULTOS<\/p>\n","protected":false},"author":1,"featured_media":0,"parent":0,"menu_order":0,"comment_status":"open","ping_status":"open","template":"full-width.php","meta":{"footnotes":""},"class_list":["post-13","page","type-page","status-publish","hentry"],"_links":{"self":[{"href":"https:\/\/agoa.eus\/es\/wp-json\/wp\/v2\/pages\/13","targetHints":{"allow":["GET"]}}],"collection":[{"href":"https:\/\/agoa.eus\/es\/wp-json\/wp\/v2\/pages"}],"about":[{"href":"https:\/\/agoa.eus\/es\/wp-json\/wp\/v2\/types\/page"}],"author":[{"embeddable":true,"href":"https:\/\/agoa.eus\/es\/wp-json\/wp\/v2\/users\/1"}],"replies":[{"embeddable":true,"href":"https:\/\/agoa.eus\/es\/wp-json\/wp\/v2\/comments?post=13"}],"version-history":[{"count":2,"href":"https:\/\/agoa.eus\/es\/wp-json\/wp\/v2\/pages\/13\/revisions"}],"predecessor-version":[{"id":262,"href":"https:\/\/agoa.eus\/es\/wp-json\/wp\/v2\/pages\/13\/revisions\/262"}],"wp:attachment":[{"href":"https:\/\/agoa.eus\/es\/wp-json\/wp\/v2\/media?parent=13"}],"curies":[{"name":"wp","href":"https:\/\/api.w.org\/{rel}","templated":true}]}}