{"id":11,"date":"2014-05-12T11:08:40","date_gmt":"2014-05-12T09:08:40","guid":{"rendered":"http:\/\/www.agoahaginklinikea.com\/?page_id=11"},"modified":"2014-05-12T12:14:27","modified_gmt":"2014-05-12T10:14:27","slug":"quienes-somos","status":"publish","type":"page","link":"https:\/\/agoa.eus\/es\/quienes-somos\/","title":{"rendered":"Qui\u00e9nes somos"},"content":{"rendered":"<h1 style=\"text-align: center;\">AGOA HAGIN KLINIKEA. Marina Urigoitia Aldekoa<\/h1>\n<p style=\"text-align: center;\">N\u00famero de colegiado:900<\/p>\n<h2 style=\"text-align: center;\">Profesionalidad, calidad, trato cercano y amable son nuestros pilares.<\/h2>\n<p style=\"text-align: center;\">La<strong> cl\u00ednica dental Agoa<\/strong> ofrece desde el 2004 <strong>todos los tratamientos dentales tanto a ni\u00f1os como a adultos.<\/strong><\/p>\n<blockquote>\n<p style=\"text-align: center;\">Estudiamos cada caso, sopesamos todas las posibilidades y <strong>aconsejamos lo mejor a cada paciente<\/strong>.<\/p>\n<\/blockquote>\n<blockquote>\n<p style=\"text-align: center;\">Contamos con <strong>profesionales altamente cualificados<\/strong>, materiales de <strong>primera calidad<\/strong> y las <strong>tecnolog\u00edas m\u00e1s avanzadas<\/strong>.<\/p>\n<\/blockquote>\n","protected":false},"excerpt":{"rendered":"<p>AGOA HAGIN KLINIKEA. Marina Urigoitia Aldekoa N\u00famero de colegiado:900 Profesionalidad, calidad, trato cercano y amable son nuestros pilares. La cl\u00ednica dental Agoa ofrece desde el 2004 todos los tratamientos dentales tanto a ni\u00f1os como a adultos. Estudiamos cada caso, sopesamos todas las posibilidades y aconsejamos lo mejor a cada paciente. Contamos con profesionales altamente cualificados, materiales de primera calidad y las tecnolog\u00edas m\u00e1s avanzadas.<\/p>\n","protected":false},"author":1,"featured_media":0,"parent":0,"menu_order":0,"comment_status":"open","ping_status":"open","template":"full-width.php","meta":{"footnotes":""},"class_list":["post-11","page","type-page","status-publish","hentry"],"_links":{"self":[{"href":"https:\/\/agoa.eus\/es\/wp-json\/wp\/v2\/pages\/11","targetHints":{"allow":["GET"]}}],"collection":[{"href":"https:\/\/agoa.eus\/es\/wp-json\/wp\/v2\/pages"}],"about":[{"href":"https:\/\/agoa.eus\/es\/wp-json\/wp\/v2\/types\/page"}],"author":[{"embeddable":true,"href":"https:\/\/agoa.eus\/es\/wp-json\/wp\/v2\/users\/1"}],"replies":[{"embeddable":true,"href":"https:\/\/agoa.eus\/es\/wp-json\/wp\/v2\/comments?post=11"}],"version-history":[{"count":1,"href":"https:\/\/agoa.eus\/es\/wp-json\/wp\/v2\/pages\/11\/revisions"}],"predecessor-version":[{"id":12,"href":"https:\/\/agoa.eus\/es\/wp-json\/wp\/v2\/pages\/11\/revisions\/12"}],"wp:attachment":[{"href":"https:\/\/agoa.eus\/es\/wp-json\/wp\/v2\/media?parent=11"}],"curies":[{"name":"wp","href":"https:\/\/api.w.org\/{rel}","templated":true}]}}